{"id":780,"date":"2021-02-21T18:44:35","date_gmt":"2021-02-21T15:44:35","guid":{"rendered":"http:\/\/www.eraformak.com\/?page_id=780"},"modified":"2021-02-22T00:12:45","modified_gmt":"2021-02-21T21:12:45","slug":"plastik-kiricilar","status":"publish","type":"page","link":"https:\/\/www.eraformak.com\/tr\/urunler\/plastik-kiricilar\/","title":{"rendered":"Plastik K\u0131r\u0131c\u0131lar"},"content":{"rendered":"","protected":false},"excerpt":{"rendered":"","protected":false},"author":1,"featured_media":0,"parent":773,"menu_order":0,"comment_status":"closed","ping_status":"closed","template":"","meta":{"inline_featured_image":false,"_exactmetrics_skip_tracking":false,"_exactmetrics_sitenote_active":false,"_exactmetrics_sitenote_note":"","_exactmetrics_sitenote_category":0,"footnotes":""},"_links":{"self":[{"href":"https:\/\/www.eraformak.com\/tr\/wp-json\/wp\/v2\/pages\/780"}],"collection":[{"href":"https:\/\/www.eraformak.com\/tr\/wp-json\/wp\/v2\/pages"}],"about":[{"href":"https:\/\/www.eraformak.com\/tr\/wp-json\/wp\/v2\/types\/page"}],"author":[{"embeddable":true,"href":"https:\/\/www.eraformak.com\/tr\/wp-json\/wp\/v2\/users\/1"}],"replies":[{"embeddable":true,"href":"https:\/\/www.eraformak.com\/tr\/wp-json\/wp\/v2\/comments?post=780"}],"version-history":[{"count":5,"href":"https:\/\/www.eraformak.com\/tr\/wp-json\/wp\/v2\/pages\/780\/revisions"}],"predecessor-version":[{"id":868,"href":"https:\/\/www.eraformak.com\/tr\/wp-json\/wp\/v2\/pages\/780\/revisions\/868"}],"up":[{"embeddable":true,"href":"https:\/\/www.eraformak.com\/tr\/wp-json\/wp\/v2\/pages\/773"}],"wp:attachment":[{"href":"https:\/\/www.eraformak.com\/tr\/wp-json\/wp\/v2\/media?parent=780"}],"curies":[{"name":"wp","href":"https:\/\/api.w.org\/{rel}","templated":true}]}}