{"id":466,"date":"2016-11-20T13:05:18","date_gmt":"2016-11-20T10:05:18","guid":{"rendered":"http:\/\/93.89.20.226\/~eraformaks\/global-coverage\/"},"modified":"2021-02-22T00:18:18","modified_gmt":"2021-02-21T21:18:18","slug":"satis-bolgelerimiz","status":"publish","type":"page","link":"https:\/\/www.eraformak.com\/tr\/satis-bolgelerimiz\/","title":{"rendered":"Sat\u0131\u015f B\u00f6lgelerimiz"},"content":{"rendered":"","protected":false},"excerpt":{"rendered":"","protected":false},"author":1,"featured_media":0,"parent":0,"menu_order":0,"comment_status":"closed","ping_status":"closed","template":"","meta":{"inline_featured_image":false,"_exactmetrics_skip_tracking":false,"_exactmetrics_sitenote_active":false,"_exactmetrics_sitenote_note":"","_exactmetrics_sitenote_category":0,"footnotes":""},"_links":{"self":[{"href":"https:\/\/www.eraformak.com\/tr\/wp-json\/wp\/v2\/pages\/466"}],"collection":[{"href":"https:\/\/www.eraformak.com\/tr\/wp-json\/wp\/v2\/pages"}],"about":[{"href":"https:\/\/www.eraformak.com\/tr\/wp-json\/wp\/v2\/types\/page"}],"author":[{"embeddable":true,"href":"https:\/\/www.eraformak.com\/tr\/wp-json\/wp\/v2\/users\/1"}],"replies":[{"embeddable":true,"href":"https:\/\/www.eraformak.com\/tr\/wp-json\/wp\/v2\/comments?post=466"}],"version-history":[{"count":5,"href":"https:\/\/www.eraformak.com\/tr\/wp-json\/wp\/v2\/pages\/466\/revisions"}],"predecessor-version":[{"id":876,"href":"https:\/\/www.eraformak.com\/tr\/wp-json\/wp\/v2\/pages\/466\/revisions\/876"}],"wp:attachment":[{"href":"https:\/\/www.eraformak.com\/tr\/wp-json\/wp\/v2\/media?parent=466"}],"curies":[{"name":"wp","href":"https:\/\/api.w.org\/{rel}","templated":true}]}}